{"id":145,"date":"2019-04-10T14:17:29","date_gmt":"2019-04-10T13:17:29","guid":{"rendered":"http:\/\/www.escargotieredarno.fr\/wp\/?page_id=145"},"modified":"2019-04-10T14:32:57","modified_gmt":"2019-04-10T13:32:57","slug":"de-la-culture","status":"publish","type":"page","link":"https:\/\/www.escargotieredarno.fr\/wp\/de-la-culture\/","title":{"rendered":"De la culture&#8230;"},"content":{"rendered":"\n<p>Vous d\u00e9couvrirez la vie des gast\u00e9ropodes, ainsi que le m\u00e9tier d\u2019h\u00e9liciculteur devant un film d\u2019une vingtaine de minute.<\/p>\n","protected":false},"excerpt":{"rendered":"<p>Vous d\u00e9couvrirez la vie des gast\u00e9ropodes, ainsi que le m\u00e9tier d\u2019h\u00e9liciculteur devant un film d\u2019une vingtaine de minute.<\/p>\n","protected":false},"author":1,"featured_media":26,"parent":0,"menu_order":0,"comment_status":"closed","ping_status":"closed","template":"","meta":{"footnotes":""},"class_list":["post-145","page","type-page","status-publish","has-post-thumbnail","hentry"],"_links":{"self":[{"href":"https:\/\/www.escargotieredarno.fr\/wp\/wp-json\/wp\/v2\/pages\/145","targetHints":{"allow":["GET"]}}],"collection":[{"href":"https:\/\/www.escargotieredarno.fr\/wp\/wp-json\/wp\/v2\/pages"}],"about":[{"href":"https:\/\/www.escargotieredarno.fr\/wp\/wp-json\/wp\/v2\/types\/page"}],"author":[{"embeddable":true,"href":"https:\/\/www.escargotieredarno.fr\/wp\/wp-json\/wp\/v2\/users\/1"}],"replies":[{"embeddable":true,"href":"https:\/\/www.escargotieredarno.fr\/wp\/wp-json\/wp\/v2\/comments?post=145"}],"version-history":[{"count":3,"href":"https:\/\/www.escargotieredarno.fr\/wp\/wp-json\/wp\/v2\/pages\/145\/revisions"}],"predecessor-version":[{"id":151,"href":"https:\/\/www.escargotieredarno.fr\/wp\/wp-json\/wp\/v2\/pages\/145\/revisions\/151"}],"wp:featuredmedia":[{"embeddable":true,"href":"https:\/\/www.escargotieredarno.fr\/wp\/wp-json\/wp\/v2\/media\/26"}],"wp:attachment":[{"href":"https:\/\/www.escargotieredarno.fr\/wp\/wp-json\/wp\/v2\/media?parent=145"}],"curies":[{"name":"wp","href":"https:\/\/api.w.org\/{rel}","templated":true}]}}