{"id":165,"date":"2019-04-10T14:35:20","date_gmt":"2019-04-10T13:35:20","guid":{"rendered":"http:\/\/www.escargotieredarno.fr\/wp\/?page_id=165"},"modified":"2025-10-16T11:24:18","modified_gmt":"2025-10-16T10:24:18","slug":"acceuil","status":"publish","type":"page","link":"https:\/\/www.escargotieredarno.fr\/wp\/","title":{"rendered":"L&rsquo;escargoti\u00e8re d&rsquo;Arno"},"content":{"rendered":"<div class=\"wp-block-image is-resized is-style-rounded\">\n<figure class=\"alignright size-large\"><img loading=\"lazy\" decoding=\"async\" width=\"1000\" height=\"735\" src=\"https:\/\/www.escargotieredarno.fr\/wp\/wp-content\/uploads\/2021\/10\/Visite-du-5-mai-2013-Photo-5.jpg\" alt=\"\" class=\"wp-image-317\" style=\"width:275px;height:auto\" srcset=\"https:\/\/www.escargotieredarno.fr\/wp\/wp-content\/uploads\/2021\/10\/Visite-du-5-mai-2013-Photo-5.jpg 1000w, https:\/\/www.escargotieredarno.fr\/wp\/wp-content\/uploads\/2021\/10\/Visite-du-5-mai-2013-Photo-5-300x221.jpg 300w, https:\/\/www.escargotieredarno.fr\/wp\/wp-content\/uploads\/2021\/10\/Visite-du-5-mai-2013-Photo-5-768x564.jpg 768w\" sizes=\"auto, (max-width: 1000px) 100vw, 1000px\" \/><\/figure><\/div>\n\n\n<div class=\"wp-block-group\"><div class=\"wp-block-group__inner-container is-layout-flow wp-block-group-is-layout-flow\">\n<div class=\"wp-block-group\"><div class=\"wp-block-group__inner-container is-layout-flow wp-block-group-is-layout-flow\">\n<figure class=\"wp-block-image size-large is-resized is-style-rounded\"><img loading=\"lazy\" decoding=\"async\" width=\"1024\" height=\"1024\" src=\"https:\/\/www.escargotieredarno.fr\/wp\/wp-content\/uploads\/2021\/10\/Ape\u0301ricroq-1024x1024.jpg\" alt=\"\" class=\"wp-image-319\" style=\"width:226px;height:226px\" srcset=\"https:\/\/www.escargotieredarno.fr\/wp\/wp-content\/uploads\/2021\/10\/Ape\u0301ricroq-1024x1024.jpg 1024w, https:\/\/www.escargotieredarno.fr\/wp\/wp-content\/uploads\/2021\/10\/Ape\u0301ricroq-300x300.jpg 300w, https:\/\/www.escargotieredarno.fr\/wp\/wp-content\/uploads\/2021\/10\/Ape\u0301ricroq-150x150.jpg 150w, https:\/\/www.escargotieredarno.fr\/wp\/wp-content\/uploads\/2021\/10\/Ape\u0301ricroq-768x768.jpg 768w, https:\/\/www.escargotieredarno.fr\/wp\/wp-content\/uploads\/2021\/10\/Ape\u0301ricroq-1536x1536.jpg 1536w, https:\/\/www.escargotieredarno.fr\/wp\/wp-content\/uploads\/2021\/10\/Ape\u0301ricroq.jpg 1936w\" sizes=\"auto, (max-width: 1024px) 100vw, 1024px\" \/><\/figure>\n<\/div><\/div>\n\n\n\n<p class=\"has-text-align-center has-vivid-purple-color has-text-color has-link-color has-medium-font-size wp-elements-bd61f338728dd2c01d2b672932fbbe43\"><em>Prochaines visites de l&rsquo;escargoti\u00e8re : juillet \/ ao\u00fbt 2026. <\/em><\/p>\n\n\n\n<p class=\"has-text-align-center has-vivid-red-color has-text-color has-link-color wp-elements-38620f6a9a282172482b6e23fb321cb3\" style=\"font-size:36px\"><\/p>\n\n\n\n<p class=\"has-vivid-red-color has-text-color has-link-color wp-elements-dbe4087c7bd645414003ab4ab3a4e332\" style=\"font-size:27px\"><strong><em> <\/em><\/strong><\/p>\n\n\n\n<p class=\"has-text-align-center has-vivid-red-color has-text-color has-link-color wp-elements-b1ec85ba5ce8a12c81e81313f2a076b3\" style=\"font-size:31px\"><strong>Pour commander vos escargots en vue des f\u00eates de fin d&rsquo;ann\u00e9e, cliquez sur le lien ci dessous :<\/strong><\/p>\n\n\n\n<p><a href=\"https:\/\/commande.kuupanda.com\/producteur\/10116\/particulier\">https:\/\/commande.kuupanda.com\/producteur\/10116\/particulier<\/a><\/p>\n<\/div><\/div>\n\n\n\n<p><\/p>\n\n\n\n<p>Vous arrivez sur une page avec tous mes produits.<\/p>\n\n\n\n<p><strong>Vous choisissez votre commande<\/strong>.<\/p>\n\n\n\n<p>Sous la liste des Produits,&nbsp; vous notez vos noms, pr\u00e9noms, t\u00e9l et mail (ces donn\u00e9es ne sont pas collect\u00e9es, seul moi y ai acc\u00e8s)<\/p>\n\n\n\n<p>Et enfin <strong>vous choisissez le lieu<\/strong> o\u00f9 vous d\u00e9sirez venir r\u00e9cup\u00e9rer votre commande.<\/p>\n\n\n\n<p>Peu importe le moyen de paiement, <strong><u>vous paierez sur place<\/u><\/strong> en CB ou en liquide.<\/p>\n\n\n\n<p>Et enfin, vous pouvez me laisser un commentaire si besoin.<\/p>\n\n\n\n<p><strong>Pensez \u00e0 bien valider <\/strong>votre commande, en tout bas de page.<\/p>\n\n\n\n<p><\/p>\n\n\n\n<p>Cette application me fera gagner beaucoup de temps de gestion, mais si vous ne parvenez pas \u00e0 enregistrer votre commande sur le site, vous pouvez toujours m&rsquo;envoyer un email \u00ab\u00a0\u00e0 l&rsquo;ancienne\u00a0\u00bb&nbsp;&nbsp;<\/p>\n\n\n\n<p><\/p>\n\n\n\n<p><\/p>\n\n\n\n<div class=\"wp-block-group\"><div class=\"wp-block-group__inner-container is-layout-flow wp-block-group-is-layout-flow\">\n<p class=\"has-normal-font-size\"><\/p>\n\n\n\n<p class=\"has-text-align-center\" style=\"font-size:26px\"><strong><span class=\"has-inline-color has-vivid-cyan-blue-color\">Prochains \u00c9v\u00e8nements : <\/span><\/strong><\/p>\n\n\n\n<p class=\"has-text-align-center has-vivid-cyan-blue-color has-text-color has-link-color has-medium-font-size wp-elements-63e281b360d84402bd9ca1e9115317ef\"><strong>Voir liste dans l&rsquo;onglet <em>\u00ab\u00a0O\u00f9 acheter les escargots pour No\u00ebl\u00a0\u00bb<\/em><\/strong><\/p>\n\n\n\n<p class=\"has-vivid-cyan-blue-color has-text-color has-link-color has-medium-font-size wp-elements-1313566407a8b41e64ac2a2add2b23b6\"><\/p>\n\n\n\n<div class=\"wp-block-group is-vertical is-layout-flex wp-container-core-group-is-layout-8cf370e7 wp-block-group-is-layout-flex\"><\/div>\n\n\n\n<p class=\"has-text-align-center\"><\/p>\n\n\n\n<p><\/p>\n\n\n\n<p><\/p>\n\n\n\n<p><\/p>\n\n\n\n<p class=\"has-black-color has-luminous-vivid-amber-background-color has-text-color has-background has-link-color has-medium-font-size wp-elements-253db4dde7ab1feeb1b93779f3136549\"><em><span class=\"has-inline-color has-vivid-cyan-blue-color\">Vous trouverez l&rsquo;ensemble de mes produits, toute l&rsquo;ann\u00e9e,                                                            <strong>au magasin PROXI<\/strong> (en face de la mairie de MIEUSSY), \u00e0 des prix quasi similaires qu&rsquo;\u00e0 l&rsquo;escargoti\u00e8re.<\/span><\/em><\/p>\n\n\n\n<p><\/p>\n\n\n\n<p class=\"has-text-align-center\"><strong>L&rsquo;escargoti\u00e8re d&rsquo;Arno :<\/strong> <\/p>\n<\/div><\/div>\n\n\n\n<p class=\"has-text-align-center\"><em>A mi distance entre Mieussy et Taninges, en contre bas de la route<\/em>.<br><strong>Email :&nbsp;<\/strong><a href=\"mailto:arnaud.deransy@gmail.com\">arnaud.deransy@gmail.com<\/a><strong>&nbsp;&#8211;&nbsp;<\/strong> <strong>T\u00e9l. :<\/strong>&nbsp;06-03-07-80-11 <br><a href=\"https:\/\/www.facebook.com\/LEscargotiereDArno\">https:\/\/www.facebook.com\/LEscargotiereDArno<\/a><\/p>\n\n\n\n<p class=\"has-text-align-center\"> 74440 MIEUSSY France  <\/p>\n\n\n<div class=\"wp-block-image is-resized is-style-rounded\">\n<figure class=\"aligncenter size-large\"><img loading=\"lazy\" decoding=\"async\" width=\"1024\" height=\"409\" src=\"https:\/\/www.escargotieredarno.fr\/wp\/wp-content\/uploads\/2021\/10\/photo-22privile\u0301gions-les-escargots-franc\u0327ais22-ASPERSA-1024x409.jpg\" alt=\"\" class=\"wp-image-320\" style=\"width:285px;height:auto\" srcset=\"https:\/\/www.escargotieredarno.fr\/wp\/wp-content\/uploads\/2021\/10\/photo-22privile\u0301gions-les-escargots-franc\u0327ais22-ASPERSA-1024x409.jpg 1024w, https:\/\/www.escargotieredarno.fr\/wp\/wp-content\/uploads\/2021\/10\/photo-22privile\u0301gions-les-escargots-franc\u0327ais22-ASPERSA-300x120.jpg 300w, https:\/\/www.escargotieredarno.fr\/wp\/wp-content\/uploads\/2021\/10\/photo-22privile\u0301gions-les-escargots-franc\u0327ais22-ASPERSA-768x306.jpg 768w, https:\/\/www.escargotieredarno.fr\/wp\/wp-content\/uploads\/2021\/10\/photo-22privile\u0301gions-les-escargots-franc\u0327ais22-ASPERSA.jpg 1168w\" sizes=\"auto, (max-width: 1024px) 100vw, 1024px\" \/><\/figure><\/div>","protected":false},"excerpt":{"rendered":"<p>Prochaines visites de l&rsquo;escargoti\u00e8re : juillet \/ ao\u00fbt 2026. Pour commander vos escargots en vue des f\u00eates de fin d&rsquo;ann\u00e9e, cliquez sur le lien ci dessous : https:\/\/commande.kuupanda.com\/producteur\/10116\/particulier Vous arrivez sur une page avec tous mes produits. Vous choisissez votre commande. Sous la liste des Produits,&nbsp; vous notez vos noms, pr\u00e9noms, t\u00e9l et mail (ces [&hellip;]<\/p>\n","protected":false},"author":1,"featured_media":0,"parent":0,"menu_order":0,"comment_status":"closed","ping_status":"closed","template":"","meta":{"footnotes":""},"class_list":["post-165","page","type-page","status-publish","hentry"],"_links":{"self":[{"href":"https:\/\/www.escargotieredarno.fr\/wp\/wp-json\/wp\/v2\/pages\/165","targetHints":{"allow":["GET"]}}],"collection":[{"href":"https:\/\/www.escargotieredarno.fr\/wp\/wp-json\/wp\/v2\/pages"}],"about":[{"href":"https:\/\/www.escargotieredarno.fr\/wp\/wp-json\/wp\/v2\/types\/page"}],"author":[{"embeddable":true,"href":"https:\/\/www.escargotieredarno.fr\/wp\/wp-json\/wp\/v2\/users\/1"}],"replies":[{"embeddable":true,"href":"https:\/\/www.escargotieredarno.fr\/wp\/wp-json\/wp\/v2\/comments?post=165"}],"version-history":[{"count":33,"href":"https:\/\/www.escargotieredarno.fr\/wp\/wp-json\/wp\/v2\/pages\/165\/revisions"}],"predecessor-version":[{"id":472,"href":"https:\/\/www.escargotieredarno.fr\/wp\/wp-json\/wp\/v2\/pages\/165\/revisions\/472"}],"wp:attachment":[{"href":"https:\/\/www.escargotieredarno.fr\/wp\/wp-json\/wp\/v2\/media?parent=165"}],"curies":[{"name":"wp","href":"https:\/\/api.w.org\/{rel}","templated":true}]}}